{"id":225,"date":"2024-01-12T09:44:07","date_gmt":"2024-01-12T08:44:07","guid":{"rendered":"https:\/\/asesoriasabarca.es\/els-qui-som\/"},"modified":"2024-01-19T10:53:36","modified_gmt":"2024-01-19T09:53:36","slug":"els-qui-som","status":"publish","type":"page","link":"https:\/\/asesoriasabarca.es\/ca\/els-qui-som\/","title":{"rendered":"Els qui Som"},"content":{"rendered":"\t\t<div data-elementor-type=\"wp-page\" data-elementor-id=\"225\" class=\"elementor elementor-225 elementor-137\">\n\t\t\t\t\t\t\t\t\t<section class=\"elementor-section elementor-top-section elementor-element elementor-element-23f04ee7 elementor-section-boxed elementor-section-height-default elementor-section-height-default\" data-id=\"23f04ee7\" data-element_type=\"section\" data-settings=\"{&quot;background_background&quot;:&quot;classic&quot;}\">\n\t\t\t\t\t\t<div class=\"elementor-container elementor-column-gap-default\">\n\t\t\t\t\t<div class=\"elementor-column elementor-col-100 elementor-top-column elementor-element elementor-element-3d4c48d6\" data-id=\"3d4c48d6\" data-element_type=\"column\">\n\t\t\t<div class=\"elementor-widget-wrap elementor-element-populated\">\n\t\t\t\t\t\t\t\t<div class=\"elementor-element elementor-element-6fb7701f elementor-widget elementor-widget-text-editor\" data-id=\"6fb7701f\" data-element_type=\"widget\" data-settings=\"{&quot;_animation&quot;:&quot;none&quot;,&quot;_animation_delay&quot;:0}\" data-widget_type=\"text-editor.default\">\n\t\t\t\t<div class=\"elementor-widget-container\">\n\t\t\t<style>\/*! elementor - v3.18.0 - 20-12-2023 *\/\n.elementor-widget-text-editor.elementor-drop-cap-view-stacked .elementor-drop-cap{background-color:#69727d;color:#fff}.elementor-widget-text-editor.elementor-drop-cap-view-framed .elementor-drop-cap{color:#69727d;border:3px solid;background-color:transparent}.elementor-widget-text-editor:not(.elementor-drop-cap-view-default) .elementor-drop-cap{margin-top:8px}.elementor-widget-text-editor:not(.elementor-drop-cap-view-default) .elementor-drop-cap-letter{width:1em;height:1em}.elementor-widget-text-editor .elementor-drop-cap{float:left;text-align:center;line-height:1;font-size:50px}.elementor-widget-text-editor .elementor-drop-cap-letter{display:inline-block}<\/style>\t\t\t\t<p>Sobre nosaltres<\/p>\t\t\t\t\t\t<\/div>\n\t\t\t\t<\/div>\n\t\t\t\t\t<\/div>\n\t\t<\/div>\n\t\t\t\t\t\t\t<\/div>\n\t\t<\/section>\n\t\t\t\t<section class=\"elementor-section elementor-top-section elementor-element elementor-element-661cd7cf elementor-section-full_width elementor-section-height-default elementor-section-height-default\" data-id=\"661cd7cf\" data-element_type=\"section\">\n\t\t\t\t\t\t<div class=\"elementor-container elementor-column-gap-no\">\n\t\t\t\t\t<div class=\"elementor-column elementor-col-50 elementor-top-column elementor-element elementor-element-3575a7cc\" data-id=\"3575a7cc\" data-element_type=\"column\">\n\t\t\t<div class=\"elementor-widget-wrap elementor-element-populated\">\n\t\t\t\t\t\t\t\t<div class=\"elementor-element elementor-element-7286037f elementor-widget elementor-widget-image\" data-id=\"7286037f\" data-element_type=\"widget\" data-widget_type=\"image.default\">\n\t\t\t\t<div class=\"elementor-widget-container\">\n\t\t\t<style>\/*! elementor - v3.18.0 - 20-12-2023 *\/\n.elementor-widget-image{text-align:center}.elementor-widget-image a{display:inline-block}.elementor-widget-image a img[src$=\".svg\"]{width:48px}.elementor-widget-image img{vertical-align:middle;display:inline-block}<\/style>\t\t\t\t\t\t\t\t\t\t\t\t<img fetchpriority=\"high\" decoding=\"async\" width=\"1000\" height=\"667\" src=\"https:\/\/asesoriasabarca.es\/wp-content\/uploads\/2024\/01\/asesoria-sant-andreu-quienes-somos.png\" class=\"attachment-large size-large wp-image-146\" alt=\"mano firmando documento\" srcset=\"https:\/\/asesoriasabarca.es\/wp-content\/uploads\/2024\/01\/asesoria-sant-andreu-quienes-somos.png 1000w, https:\/\/asesoriasabarca.es\/wp-content\/uploads\/2024\/01\/asesoria-sant-andreu-quienes-somos-300x200.png 300w, https:\/\/asesoriasabarca.es\/wp-content\/uploads\/2024\/01\/asesoria-sant-andreu-quienes-somos-768x512.png 768w\" sizes=\"(max-width: 1000px) 100vw, 1000px\" \/>\t\t\t\t\t\t\t\t\t\t\t\t\t\t\t<\/div>\n\t\t\t\t<\/div>\n\t\t\t\t\t<\/div>\n\t\t<\/div>\n\t\t\t\t<div class=\"elementor-column elementor-col-50 elementor-top-column elementor-element elementor-element-672b8212\" data-id=\"672b8212\" data-element_type=\"column\">\n\t\t\t<div class=\"elementor-widget-wrap elementor-element-populated\">\n\t\t\t\t\t\t\t\t<div class=\"elementor-element elementor-element-6603f765 elementor-widget elementor-widget-heading\" data-id=\"6603f765\" data-element_type=\"widget\" data-settings=\"{&quot;_animation&quot;:&quot;none&quot;}\" data-widget_type=\"heading.default\">\n\t\t\t\t<div class=\"elementor-widget-container\">\n\t\t\t<style>\/*! elementor - v3.18.0 - 20-12-2023 *\/\n.elementor-heading-title{padding:0;margin:0;line-height:1}.elementor-widget-heading .elementor-heading-title[class*=elementor-size-]>a{color:inherit;font-size:inherit;line-height:inherit}.elementor-widget-heading .elementor-heading-title.elementor-size-small{font-size:15px}.elementor-widget-heading .elementor-heading-title.elementor-size-medium{font-size:19px}.elementor-widget-heading .elementor-heading-title.elementor-size-large{font-size:29px}.elementor-widget-heading .elementor-heading-title.elementor-size-xl{font-size:39px}.elementor-widget-heading .elementor-heading-title.elementor-size-xxl{font-size:59px}<\/style><h2 class=\"elementor-heading-title elementor-size-default\">La nostra firma professional est\u00e0 formada per un equip d'experts<\/h2>\t\t<\/div>\n\t\t\t\t<\/div>\n\t\t\t\t<div class=\"elementor-element elementor-element-13b80637 elementor-widget elementor-widget-text-editor\" data-id=\"13b80637\" data-element_type=\"widget\" data-settings=\"{&quot;_animation&quot;:&quot;none&quot;,&quot;_animation_delay&quot;:100}\" data-widget_type=\"text-editor.default\">\n\t\t\t\t<div class=\"elementor-widget-container\">\n\t\t\t\t\t\t\t<p>En Assessoria Fiscal, Advocacia, Economia i Comptabilitat, entre altres camps, amb una \u00e0mplia traject\u00f2ria en l&#8217; assessorament integral a empreses i emprenedors.<\/p>\n\t\t\t\t\t\t<\/div>\n\t\t\t\t<\/div>\n\t\t\t\t<section class=\"elementor-section elementor-inner-section elementor-element elementor-element-684115bf elementor-section-boxed elementor-section-height-default elementor-section-height-default\" data-id=\"684115bf\" data-element_type=\"section\">\n\t\t\t\t\t\t<div class=\"elementor-container elementor-column-gap-no\">\n\t\t\t\t\t<div class=\"elementor-column elementor-col-50 elementor-inner-column elementor-element elementor-element-60faad92\" data-id=\"60faad92\" data-element_type=\"column\">\n\t\t\t<div class=\"elementor-widget-wrap elementor-element-populated\">\n\t\t\t\t\t\t\t\t<div class=\"elementor-element elementor-element-4f271231 elementor-align-justify elementor-widget elementor-widget-button\" data-id=\"4f271231\" data-element_type=\"widget\" data-widget_type=\"button.default\">\n\t\t\t\t<div class=\"elementor-widget-container\">\n\t\t\t\t\t<div class=\"elementor-button-wrapper\">\n\t\t\t<a class=\"elementor-button elementor-button-link elementor-size-md\" href=\"https:\/\/asesoriasabarca.es\/ca\/contacte\/\">\n\t\t\t\t\t\t<span class=\"elementor-button-content-wrapper\">\n\t\t\t\t\t\t<span class=\"elementor-button-text\">Contacta Ara<\/span>\n\t\t<\/span>\n\t\t\t\t\t<\/a>\n\t\t<\/div>\n\t\t\t\t<\/div>\n\t\t\t\t<\/div>\n\t\t\t\t\t<\/div>\n\t\t<\/div>\n\t\t\t\t<div class=\"elementor-column elementor-col-50 elementor-inner-column elementor-element elementor-element-6d19d890\" data-id=\"6d19d890\" data-element_type=\"column\">\n\t\t\t<div class=\"elementor-widget-wrap\">\n\t\t\t\t\t\t\t\t\t<\/div>\n\t\t<\/div>\n\t\t\t\t\t\t\t<\/div>\n\t\t<\/section>\n\t\t\t\t\t<\/div>\n\t\t<\/div>\n\t\t\t\t\t\t\t<\/div>\n\t\t<\/section>\n\t\t\t\t<section class=\"elementor-section elementor-top-section elementor-element elementor-element-660d454 elementor-section-boxed elementor-section-height-default elementor-section-height-default\" data-id=\"660d454\" data-element_type=\"section\">\n\t\t\t\t\t\t<div class=\"elementor-container elementor-column-gap-default\">\n\t\t\t\t\t<div class=\"elementor-column elementor-col-100 elementor-top-column elementor-element elementor-element-7f42e508\" data-id=\"7f42e508\" data-element_type=\"column\">\n\t\t\t<div class=\"elementor-widget-wrap elementor-element-populated\">\n\t\t\t\t\t\t\t\t<div class=\"elementor-element elementor-element-19b8acb4 elementor-widget elementor-widget-heading\" data-id=\"19b8acb4\" data-element_type=\"widget\" data-widget_type=\"heading.default\">\n\t\t\t\t<div class=\"elementor-widget-container\">\n\t\t\t<h2 class=\"elementor-heading-title elementor-size-default\">Durant gaireb\u00e9 25 anys<\/h2>\t\t<\/div>\n\t\t\t\t<\/div>\n\t\t\t\t<div class=\"elementor-element elementor-element-71633e9f elementor-widget elementor-widget-text-editor\" data-id=\"71633e9f\" data-element_type=\"widget\" data-widget_type=\"text-editor.default\">\n\t\t\t\t<div class=\"elementor-widget-container\">\n\t\t\t\t\t\t\t<p>Hem col\u00b7laborat estretament amb aut\u00f2noms i companyies, brindant-los valuosa ajuda en la gesti\u00f3 dels seus negocis.<\/p>\n<p>Oferim una gamma completa de serveis dissenyats per satisfer totes les seves necessitats empresarials, que inclouen Assessoria Fiscal, Assessoria Jur\u00eddica, Comptabilitat, Assegurances, i Protecci\u00f3 de Dades, entre d&#8217;altres. Aix\u00f2 es tradueix en una major rendibilitat del seu temps i una major comoditat per a vost\u00e8.<\/p>\n<p>En sintonia amb els temps actuals, comptem amb equips i sistemes inform\u00e0tics d&#8217;avantguarda, aix\u00ed com una infraestructura de comunicaci\u00f3 que ens permet proporcionar-li un servei r\u00e0pid, efica\u00e7 i d&#8217;alta qualitat.<\/p><\/p>\n\t\t\t\t\t\t<\/div>\n\t\t\t\t<\/div>\n\t\t\t\t<section class=\"elementor-section elementor-inner-section elementor-element elementor-element-20ff3515 elementor-section-boxed elementor-section-height-default elementor-section-height-default\" data-id=\"20ff3515\" data-element_type=\"section\">\n\t\t\t\t\t\t<div class=\"elementor-container elementor-column-gap-default\">\n\t\t\t\t\t<div class=\"elementor-column elementor-col-33 elementor-inner-column elementor-element elementor-element-149fc82a\" data-id=\"149fc82a\" data-element_type=\"column\">\n\t\t\t<div class=\"elementor-widget-wrap\">\n\t\t\t\t\t\t\t\t\t<\/div>\n\t\t<\/div>\n\t\t\t\t<div class=\"elementor-column elementor-col-33 elementor-inner-column elementor-element elementor-element-389e4b9b\" data-id=\"389e4b9b\" data-element_type=\"column\">\n\t\t\t<div class=\"elementor-widget-wrap elementor-element-populated\">\n\t\t\t\t\t\t\t\t<div class=\"elementor-element elementor-element-568d317b elementor-align-justify elementor-widget elementor-widget-button\" data-id=\"568d317b\" data-element_type=\"widget\" data-settings=\"{&quot;_animation&quot;:&quot;none&quot;,&quot;_animation_delay&quot;:250}\" data-widget_type=\"button.default\">\n\t\t\t\t<div class=\"elementor-widget-container\">\n\t\t\t\t\t<div class=\"elementor-button-wrapper\">\n\t\t\t<a class=\"elementor-button elementor-button-link elementor-size-md\" href=\"https:\/\/asesoriasabarca.es\/ca\/contacte\/\">\n\t\t\t\t\t\t<span class=\"elementor-button-content-wrapper\">\n\t\t\t\t\t\t<span class=\"elementor-button-text\">Parla Amb Nosaltres<\/span>\n\t\t<\/span>\n\t\t\t\t\t<\/a>\n\t\t<\/div>\n\t\t\t\t<\/div>\n\t\t\t\t<\/div>\n\t\t\t\t\t<\/div>\n\t\t<\/div>\n\t\t\t\t<div class=\"elementor-column elementor-col-33 elementor-inner-column elementor-element elementor-element-2c147108\" data-id=\"2c147108\" data-element_type=\"column\">\n\t\t\t<div class=\"elementor-widget-wrap\">\n\t\t\t\t\t\t\t\t\t<\/div>\n\t\t<\/div>\n\t\t\t\t\t\t\t<\/div>\n\t\t<\/section>\n\t\t\t\t\t<\/div>\n\t\t<\/div>\n\t\t\t\t\t\t\t<\/div>\n\t\t<\/section>\n\t\t\t\t<section class=\"elementor-section elementor-top-section elementor-element elementor-element-3e870d39 elementor-section-full_width elementor-section-height-default elementor-section-height-default\" data-id=\"3e870d39\" data-element_type=\"section\" data-settings=\"{&quot;background_background&quot;:&quot;classic&quot;}\">\n\t\t\t\t\t\t<div class=\"elementor-container elementor-column-gap-no\">\n\t\t\t\t\t<div class=\"elementor-column elementor-col-50 elementor-top-column elementor-element elementor-element-112dd7cb\" data-id=\"112dd7cb\" data-element_type=\"column\">\n\t\t\t<div class=\"elementor-widget-wrap elementor-element-populated\">\n\t\t\t\t\t\t\t\t<div class=\"elementor-element elementor-element-540caea4 elementor-invisible elementor-widget elementor-widget-heading\" data-id=\"540caea4\" data-element_type=\"widget\" data-settings=\"{&quot;_animation&quot;:&quot;fadeInUp&quot;}\" data-widget_type=\"heading.default\">\n\t\t\t\t<div class=\"elementor-widget-container\">\n\t\t\t<h2 class=\"elementor-heading-title elementor-size-default\">Creator Of Quality Designs And Thinker Of Fresh Ideas<\/h2>\t\t<\/div>\n\t\t\t\t<\/div>\n\t\t\t\t<div class=\"elementor-element elementor-element-2345217f elementor-widget elementor-widget-text-editor\" data-id=\"2345217f\" data-element_type=\"widget\" data-settings=\"{&quot;_animation&quot;:&quot;none&quot;,&quot;_animation_delay&quot;:100}\" data-widget_type=\"text-editor.default\">\n\t\t\t\t<div class=\"elementor-widget-container\">\n\t\t\t\t\t\t\t<p>Atenem totes les \u00e0rees clau de l&#8217; assessoria i la gesti\u00f3, abastant aspectes fiscals, comptables, laborals, jur\u00eddics, assegurances, immobiliaris i financers.<\/p>\n\t\t\t\t\t\t<\/div>\n\t\t\t\t<\/div>\n\t\t\t\t<section class=\"elementor-section elementor-inner-section elementor-element elementor-element-5ff7c67a elementor-section-boxed elementor-section-height-default elementor-section-height-default\" data-id=\"5ff7c67a\" data-element_type=\"section\" data-settings=\"{&quot;animation&quot;:&quot;none&quot;}\">\n\t\t\t\t\t\t<div class=\"elementor-container elementor-column-gap-no\">\n\t\t\t\t\t<div class=\"elementor-column elementor-col-50 elementor-inner-column elementor-element elementor-element-5c20c95\" data-id=\"5c20c95\" data-element_type=\"column\">\n\t\t\t<div class=\"elementor-widget-wrap elementor-element-populated\">\n\t\t\t\t\t\t\t\t<div class=\"elementor-element elementor-element-55fd9a3a elementor-align-justify elementor-widget elementor-widget-button\" data-id=\"55fd9a3a\" data-element_type=\"widget\" data-settings=\"{&quot;_animation&quot;:&quot;none&quot;,&quot;_animation_delay&quot;:250}\" data-widget_type=\"button.default\">\n\t\t\t\t<div class=\"elementor-widget-container\">\n\t\t\t\t\t<div class=\"elementor-button-wrapper\">\n\t\t\t<a class=\"elementor-button elementor-button-link elementor-size-md\" href=\"https:\/\/asesoriasabarca.es\/ca\/contacte\/\">\n\t\t\t\t\t\t<span class=\"elementor-button-content-wrapper\">\n\t\t\t\t\t\t<span class=\"elementor-button-text\">T'Ajudem?<\/span>\n\t\t<\/span>\n\t\t\t\t\t<\/a>\n\t\t<\/div>\n\t\t\t\t<\/div>\n\t\t\t\t<\/div>\n\t\t\t\t\t<\/div>\n\t\t<\/div>\n\t\t\t\t<div class=\"elementor-column elementor-col-50 elementor-inner-column elementor-element elementor-element-a269272\" data-id=\"a269272\" data-element_type=\"column\">\n\t\t\t<div class=\"elementor-widget-wrap\">\n\t\t\t\t\t\t\t\t\t<\/div>\n\t\t<\/div>\n\t\t\t\t\t\t\t<\/div>\n\t\t<\/section>\n\t\t\t\t\t<\/div>\n\t\t<\/div>\n\t\t\t\t<div class=\"elementor-column elementor-col-50 elementor-top-column elementor-element elementor-element-1d24d62a\" data-id=\"1d24d62a\" data-element_type=\"column\">\n\t\t\t<div class=\"elementor-widget-wrap elementor-element-populated\">\n\t\t\t\t\t\t\t\t<div class=\"elementor-element elementor-element-72407495 elementor-widget elementor-widget-image\" data-id=\"72407495\" data-element_type=\"widget\" data-widget_type=\"image.default\">\n\t\t\t\t<div class=\"elementor-widget-container\">\n\t\t\t\t\t\t\t\t\t\t\t\t\t\t\t<img decoding=\"async\" width=\"1024\" height=\"683\" src=\"https:\/\/asesoriasabarca.es\/wp-content\/uploads\/2024\/01\/business-concept-young-business-man-woking-on-fina-YNSECY4-scaled-1-1024x683.jpg\" class=\"attachment-large size-large wp-image-139\" alt=\"firman\" srcset=\"https:\/\/asesoriasabarca.es\/wp-content\/uploads\/2024\/01\/business-concept-young-business-man-woking-on-fina-YNSECY4-scaled-1-1024x683.jpg 1024w, https:\/\/asesoriasabarca.es\/wp-content\/uploads\/2024\/01\/business-concept-young-business-man-woking-on-fina-YNSECY4-scaled-1-300x200.jpg 300w, https:\/\/asesoriasabarca.es\/wp-content\/uploads\/2024\/01\/business-concept-young-business-man-woking-on-fina-YNSECY4-scaled-1-768x512.jpg 768w, https:\/\/asesoriasabarca.es\/wp-content\/uploads\/2024\/01\/business-concept-young-business-man-woking-on-fina-YNSECY4-scaled-1-1536x1024.jpg 1536w, https:\/\/asesoriasabarca.es\/wp-content\/uploads\/2024\/01\/business-concept-young-business-man-woking-on-fina-YNSECY4-scaled-1-2048x1366.jpg 2048w\" sizes=\"(max-width: 1024px) 100vw, 1024px\" \/>\t\t\t\t\t\t\t\t\t\t\t\t\t\t\t<\/div>\n\t\t\t\t<\/div>\n\t\t\t\t\t<\/div>\n\t\t<\/div>\n\t\t\t\t\t\t\t<\/div>\n\t\t<\/section>\n\t\t\t\t\t\t\t<\/div>\n\t\t","protected":false},"excerpt":{"rendered":"<p>Sobre nosaltres La nostra firma professional est\u00e0 formada per un equip d&#8217;experts En Assessoria Fiscal, Advocacia, Economia i Comptabilitat, entre altres camps, amb una \u00e0mplia traject\u00f2ria en l&#8217; assessorament integral a empreses i emprenedors. Contacta Ara Durant gaireb\u00e9 25 anys Hem col\u00b7laborat estretament amb aut\u00f2noms i companyies, brindant-los valuosa ajuda en la gesti\u00f3 dels seus &#8230; <a title=\"Els qui Som\" class=\"read-more\" href=\"https:\/\/asesoriasabarca.es\/ca\/els-qui-som\/\" aria-label=\"More on Els qui Som\">Leer m\u00e1s<\/a><\/p>\n","protected":false},"author":1,"featured_media":0,"parent":0,"menu_order":0,"comment_status":"closed","ping_status":"closed","template":"elementor_header_footer","meta":{"footnotes":""},"class_list":["post-225","page","type-page","status-publish"],"yoast_head":"<!-- This site is optimized with the Yoast SEO plugin v21.8 - https:\/\/yoast.com\/wordpress\/plugins\/seo\/ -->\n<title>Sobre Nosaltres - Gestor\u00eda Sant Andreu de la Barca<\/title>\n<meta name=\"description\" content=\"Coneix els experts en assessorament empresarial, la teva gestoria de confian\u00e7a a Sant Andreu de la Barca. Professionals amb 25 anys dexperi\u00e8ncia.\" \/>\n<meta name=\"robots\" content=\"index, follow, max-snippet:-1, max-image-preview:large, max-video-preview:-1\" \/>\n<link rel=\"canonical\" href=\"https:\/\/asesoriasabarca.es\/ca\/els-qui-som\/\" \/>\n<meta property=\"og:locale\" content=\"ca_ES\" \/>\n<meta property=\"og:type\" content=\"article\" \/>\n<meta property=\"og:title\" content=\"Sobre Nosaltres - Gestor\u00eda Sant Andreu de la Barca\" \/>\n<meta property=\"og:description\" content=\"Coneix els experts en assessorament empresarial, la teva gestoria de confian\u00e7a a Sant Andreu de la Barca. Professionals amb 25 anys dexperi\u00e8ncia.\" \/>\n<meta property=\"og:url\" content=\"https:\/\/asesoriasabarca.es\/ca\/els-qui-som\/\" \/>\n<meta property=\"og:site_name\" content=\"Gestor\u00eda Sant Andreu de la Barca\" \/>\n<meta property=\"article:modified_time\" content=\"2024-01-19T09:53:36+00:00\" \/>\n<meta property=\"og:image\" content=\"https:\/\/asesoriasabarca.es\/wp-content\/uploads\/2024\/01\/asesoria-sant-andreu-quienes-somos.png\" \/>\n<meta name=\"twitter:card\" content=\"summary_large_image\" \/>\n<meta name=\"twitter:label1\" content=\"Temps estimat de lectura\" \/>\n\t<meta name=\"twitter:data1\" content=\"2 minuts\" \/>\n<script type=\"application\/ld+json\" class=\"yoast-schema-graph\">{\"@context\":\"https:\/\/schema.org\",\"@graph\":[{\"@type\":\"WebPage\",\"@id\":\"https:\/\/asesoriasabarca.es\/ca\/els-qui-som\/\",\"url\":\"https:\/\/asesoriasabarca.es\/ca\/els-qui-som\/\",\"name\":\"Sobre Nosaltres - Gestor\u00eda Sant Andreu de la Barca\",\"isPartOf\":{\"@id\":\"https:\/\/asesoriasabarca.es\/ca\/#website\"},\"datePublished\":\"2024-01-12T08:44:07+00:00\",\"dateModified\":\"2024-01-19T09:53:36+00:00\",\"description\":\"Coneix els experts en assessorament empresarial, la teva gestoria de confian\u00e7a a Sant Andreu de la Barca. Professionals amb 25 anys dexperi\u00e8ncia.\",\"breadcrumb\":{\"@id\":\"https:\/\/asesoriasabarca.es\/ca\/els-qui-som\/#breadcrumb\"},\"inLanguage\":\"ca\",\"potentialAction\":[{\"@type\":\"ReadAction\",\"target\":[\"https:\/\/asesoriasabarca.es\/ca\/els-qui-som\/\"]}]},{\"@type\":\"BreadcrumbList\",\"@id\":\"https:\/\/asesoriasabarca.es\/ca\/els-qui-som\/#breadcrumb\",\"itemListElement\":[{\"@type\":\"ListItem\",\"position\":1,\"name\":\"Portada\",\"item\":\"https:\/\/asesoriasabarca.es\/ca\/\"},{\"@type\":\"ListItem\",\"position\":2,\"name\":\"Els qui Som\"}]},{\"@type\":\"WebSite\",\"@id\":\"https:\/\/asesoriasabarca.es\/ca\/#website\",\"url\":\"https:\/\/asesoriasabarca.es\/ca\/\",\"name\":\"Gestor\u00eda Sant Andreu de la Barca\",\"description\":\"\",\"publisher\":{\"@id\":\"https:\/\/asesoriasabarca.es\/ca\/#organization\"},\"potentialAction\":[{\"@type\":\"SearchAction\",\"target\":{\"@type\":\"EntryPoint\",\"urlTemplate\":\"https:\/\/asesoriasabarca.es\/ca\/?s={search_term_string}\"},\"query-input\":\"required name=search_term_string\"}],\"inLanguage\":\"ca\"},{\"@type\":\"Organization\",\"@id\":\"https:\/\/asesoriasabarca.es\/ca\/#organization\",\"name\":\"Gestor\u00eda Sant Andreu de la Barca\",\"url\":\"https:\/\/asesoriasabarca.es\/ca\/\",\"logo\":{\"@type\":\"ImageObject\",\"inLanguage\":\"ca\",\"@id\":\"https:\/\/asesoriasabarca.es\/ca\/#\/schema\/logo\/image\/\",\"url\":\"https:\/\/asesoriasabarca.es\/wp-content\/uploads\/2024\/01\/cropped-asesoria-sant-andreu-logo.png\",\"contentUrl\":\"https:\/\/asesoriasabarca.es\/wp-content\/uploads\/2024\/01\/cropped-asesoria-sant-andreu-logo.png\",\"width\":441,\"height\":112,\"caption\":\"Gestor\u00eda Sant Andreu de la Barca\"},\"image\":{\"@id\":\"https:\/\/asesoriasabarca.es\/ca\/#\/schema\/logo\/image\/\"}}]}<\/script>\n<!-- \/ Yoast SEO plugin. -->","yoast_head_json":{"title":"Sobre Nosaltres - Gestor\u00eda Sant Andreu de la Barca","description":"Coneix els experts en assessorament empresarial, la teva gestoria de confian\u00e7a a Sant Andreu de la Barca. Professionals amb 25 anys dexperi\u00e8ncia.","robots":{"index":"index","follow":"follow","max-snippet":"max-snippet:-1","max-image-preview":"max-image-preview:large","max-video-preview":"max-video-preview:-1"},"canonical":"https:\/\/asesoriasabarca.es\/ca\/els-qui-som\/","og_locale":"ca_ES","og_type":"article","og_title":"Sobre Nosaltres - Gestor\u00eda Sant Andreu de la Barca","og_description":"Coneix els experts en assessorament empresarial, la teva gestoria de confian\u00e7a a Sant Andreu de la Barca. Professionals amb 25 anys dexperi\u00e8ncia.","og_url":"https:\/\/asesoriasabarca.es\/ca\/els-qui-som\/","og_site_name":"Gestor\u00eda Sant Andreu de la Barca","article_modified_time":"2024-01-19T09:53:36+00:00","og_image":[{"url":"https:\/\/asesoriasabarca.es\/wp-content\/uploads\/2024\/01\/asesoria-sant-andreu-quienes-somos.png"}],"twitter_card":"summary_large_image","twitter_misc":{"Temps estimat de lectura":"2 minuts"},"schema":{"@context":"https:\/\/schema.org","@graph":[{"@type":"WebPage","@id":"https:\/\/asesoriasabarca.es\/ca\/els-qui-som\/","url":"https:\/\/asesoriasabarca.es\/ca\/els-qui-som\/","name":"Sobre Nosaltres - Gestor\u00eda Sant Andreu de la Barca","isPartOf":{"@id":"https:\/\/asesoriasabarca.es\/ca\/#website"},"datePublished":"2024-01-12T08:44:07+00:00","dateModified":"2024-01-19T09:53:36+00:00","description":"Coneix els experts en assessorament empresarial, la teva gestoria de confian\u00e7a a Sant Andreu de la Barca. Professionals amb 25 anys dexperi\u00e8ncia.","breadcrumb":{"@id":"https:\/\/asesoriasabarca.es\/ca\/els-qui-som\/#breadcrumb"},"inLanguage":"ca","potentialAction":[{"@type":"ReadAction","target":["https:\/\/asesoriasabarca.es\/ca\/els-qui-som\/"]}]},{"@type":"BreadcrumbList","@id":"https:\/\/asesoriasabarca.es\/ca\/els-qui-som\/#breadcrumb","itemListElement":[{"@type":"ListItem","position":1,"name":"Portada","item":"https:\/\/asesoriasabarca.es\/ca\/"},{"@type":"ListItem","position":2,"name":"Els qui Som"}]},{"@type":"WebSite","@id":"https:\/\/asesoriasabarca.es\/ca\/#website","url":"https:\/\/asesoriasabarca.es\/ca\/","name":"Gestor\u00eda Sant Andreu de la Barca","description":"","publisher":{"@id":"https:\/\/asesoriasabarca.es\/ca\/#organization"},"potentialAction":[{"@type":"SearchAction","target":{"@type":"EntryPoint","urlTemplate":"https:\/\/asesoriasabarca.es\/ca\/?s={search_term_string}"},"query-input":"required name=search_term_string"}],"inLanguage":"ca"},{"@type":"Organization","@id":"https:\/\/asesoriasabarca.es\/ca\/#organization","name":"Gestor\u00eda Sant Andreu de la Barca","url":"https:\/\/asesoriasabarca.es\/ca\/","logo":{"@type":"ImageObject","inLanguage":"ca","@id":"https:\/\/asesoriasabarca.es\/ca\/#\/schema\/logo\/image\/","url":"https:\/\/asesoriasabarca.es\/wp-content\/uploads\/2024\/01\/cropped-asesoria-sant-andreu-logo.png","contentUrl":"https:\/\/asesoriasabarca.es\/wp-content\/uploads\/2024\/01\/cropped-asesoria-sant-andreu-logo.png","width":441,"height":112,"caption":"Gestor\u00eda Sant Andreu de la Barca"},"image":{"@id":"https:\/\/asesoriasabarca.es\/ca\/#\/schema\/logo\/image\/"}}]}},"_links":{"self":[{"href":"https:\/\/asesoriasabarca.es\/ca\/wp-json\/wp\/v2\/pages\/225","targetHints":{"allow":["GET"]}}],"collection":[{"href":"https:\/\/asesoriasabarca.es\/ca\/wp-json\/wp\/v2\/pages"}],"about":[{"href":"https:\/\/asesoriasabarca.es\/ca\/wp-json\/wp\/v2\/types\/page"}],"author":[{"embeddable":true,"href":"https:\/\/asesoriasabarca.es\/ca\/wp-json\/wp\/v2\/users\/1"}],"replies":[{"embeddable":true,"href":"https:\/\/asesoriasabarca.es\/ca\/wp-json\/wp\/v2\/comments?post=225"}],"version-history":[{"count":7,"href":"https:\/\/asesoriasabarca.es\/ca\/wp-json\/wp\/v2\/pages\/225\/revisions"}],"predecessor-version":[{"id":295,"href":"https:\/\/asesoriasabarca.es\/ca\/wp-json\/wp\/v2\/pages\/225\/revisions\/295"}],"wp:attachment":[{"href":"https:\/\/asesoriasabarca.es\/ca\/wp-json\/wp\/v2\/media?parent=225"}],"curies":[{"name":"wp","href":"https:\/\/api.w.org\/{rel}","templated":true}]}}