{"id":229,"date":"2024-01-11T10:34:52","date_gmt":"2024-01-11T09:34:52","guid":{"rendered":"https:\/\/asesoriasabarca.es\/contacte\/"},"modified":"2024-01-19T10:29:29","modified_gmt":"2024-01-19T09:29:29","slug":"contacte","status":"publish","type":"page","link":"https:\/\/asesoriasabarca.es\/ca\/contacte\/","title":{"rendered":"Contacte"},"content":{"rendered":"\t\t<div data-elementor-type=\"wp-page\" data-elementor-id=\"229\" class=\"elementor elementor-229 elementor-47\">\n\t\t\t\t\t\t\t\t\t<section class=\"elementor-section elementor-top-section elementor-element elementor-element-3dad1bb7 elementor-section-boxed elementor-section-height-default elementor-section-height-default\" data-id=\"3dad1bb7\" data-element_type=\"section\" data-settings=\"{&quot;background_background&quot;:&quot;classic&quot;}\">\n\t\t\t\t\t\t<div class=\"elementor-container elementor-column-gap-default\">\n\t\t\t\t\t<div class=\"elementor-column elementor-col-100 elementor-top-column elementor-element elementor-element-4c952f53\" data-id=\"4c952f53\" data-element_type=\"column\">\n\t\t\t<div class=\"elementor-widget-wrap elementor-element-populated\">\n\t\t\t\t\t\t\t\t<div class=\"elementor-element elementor-element-2eceb5d9 elementor-widget elementor-widget-text-editor\" data-id=\"2eceb5d9\" data-element_type=\"widget\" data-settings=\"{&quot;_animation&quot;:&quot;none&quot;,&quot;_animation_delay&quot;:0}\" data-widget_type=\"text-editor.default\">\n\t\t\t\t<div class=\"elementor-widget-container\">\n\t\t\t<style>\/*! elementor - v3.18.0 - 20-12-2023 *\/\n.elementor-widget-text-editor.elementor-drop-cap-view-stacked .elementor-drop-cap{background-color:#69727d;color:#fff}.elementor-widget-text-editor.elementor-drop-cap-view-framed .elementor-drop-cap{color:#69727d;border:3px solid;background-color:transparent}.elementor-widget-text-editor:not(.elementor-drop-cap-view-default) .elementor-drop-cap{margin-top:8px}.elementor-widget-text-editor:not(.elementor-drop-cap-view-default) .elementor-drop-cap-letter{width:1em;height:1em}.elementor-widget-text-editor .elementor-drop-cap{float:left;text-align:center;line-height:1;font-size:50px}.elementor-widget-text-editor .elementor-drop-cap-letter{display:inline-block}<\/style>\t\t\t\t<p>Dinos, En qu\u00e8 podem ajudar?<\/p>\n\t\t\t\t\t\t<\/div>\n\t\t\t\t<\/div>\n\t\t\t\t\t<\/div>\n\t\t<\/div>\n\t\t\t\t\t\t\t<\/div>\n\t\t<\/section>\n\t\t\t\t<section class=\"elementor-section elementor-top-section elementor-element elementor-element-53ee366d elementor-section-boxed elementor-section-height-default elementor-section-height-default\" data-id=\"53ee366d\" data-element_type=\"section\">\n\t\t\t\t\t\t<div class=\"elementor-container elementor-column-gap-default\">\n\t\t\t\t\t<div class=\"elementor-column elementor-col-50 elementor-top-column elementor-element elementor-element-687876a2\" data-id=\"687876a2\" data-element_type=\"column\">\n\t\t\t<div class=\"elementor-widget-wrap elementor-element-populated\">\n\t\t\t\t\t\t\t\t<div class=\"elementor-element elementor-element-74d982c0 elementor-widget elementor-widget-heading\" data-id=\"74d982c0\" data-element_type=\"widget\" data-widget_type=\"heading.default\">\n\t\t\t\t<div class=\"elementor-widget-container\">\n\t\t\t<style>\/*! elementor - v3.18.0 - 20-12-2023 *\/\n.elementor-heading-title{padding:0;margin:0;line-height:1}.elementor-widget-heading .elementor-heading-title[class*=elementor-size-]>a{color:inherit;font-size:inherit;line-height:inherit}.elementor-widget-heading .elementor-heading-title.elementor-size-small{font-size:15px}.elementor-widget-heading .elementor-heading-title.elementor-size-medium{font-size:19px}.elementor-widget-heading .elementor-heading-title.elementor-size-large{font-size:29px}.elementor-widget-heading .elementor-heading-title.elementor-size-xl{font-size:39px}.elementor-widget-heading .elementor-heading-title.elementor-size-xxl{font-size:59px}<\/style><h2 class=\"elementor-heading-title elementor-size-default\">Dubtes o comentaris?  <\/h2>\t\t<\/div>\n\t\t\t\t<\/div>\n\t\t\t\t<div class=\"elementor-element elementor-element-5d798298 elementor-widget elementor-widget-text-editor\" data-id=\"5d798298\" data-element_type=\"widget\" data-widget_type=\"text-editor.default\">\n\t\t\t\t<div class=\"elementor-widget-container\">\n\t\t\t\t\t\t\t<p>Envia&#8217;ns un missatge, ll\u00e0mans o vis\u00edtans. Estarem encantats de poder atendre&#8217;t<\/p>\n\t\t\t\t\t\t<\/div>\n\t\t\t\t<\/div>\n\t\t\t\t<section class=\"elementor-section elementor-inner-section elementor-element elementor-element-7276c0c elementor-section-boxed elementor-section-height-default elementor-section-height-default\" data-id=\"7276c0c\" data-element_type=\"section\">\n\t\t\t\t\t\t<div class=\"elementor-container elementor-column-gap-default\">\n\t\t\t\t\t<div class=\"elementor-column elementor-col-33 elementor-inner-column elementor-element elementor-element-531a5d67\" data-id=\"531a5d67\" data-element_type=\"column\" data-settings=\"{&quot;background_background&quot;:&quot;classic&quot;}\">\n\t\t\t<div class=\"elementor-widget-wrap elementor-element-populated\">\n\t\t\t\t\t\t\t\t<div class=\"elementor-element elementor-element-7b799e28 elementor-position-left elementor-view-default elementor-mobile-position-top elementor-vertical-align-top elementor-widget elementor-widget-icon-box\" data-id=\"7b799e28\" data-element_type=\"widget\" data-widget_type=\"icon-box.default\">\n\t\t\t\t<div class=\"elementor-widget-container\">\n\t\t\t<link rel=\"stylesheet\" href=\"https:\/\/asesoriasabarca.es\/wp-content\/plugins\/elementor\/assets\/css\/widget-icon-box.min.css\">\t\t<div class=\"elementor-icon-box-wrapper\">\n\t\t\t\t\t\t<div class=\"elementor-icon-box-icon\">\n\t\t\t\t<span  class=\"elementor-icon elementor-animation-\">\n\t\t\t\t<svg xmlns=\"http:\/\/www.w3.org\/2000\/svg\" height=\"24\" viewBox=\"0 0 24 24\" width=\"24\"><path d=\"M0 0h24v24H0z\" fill=\"none\"><\/path><path d=\"M12 12c-1.1 0-2-.9-2-2s.9-2 2-2 2 .9 2 2-.9 2-2 2zm6-1.8C18 6.57 15.35 4 12 4s-6 2.57-6 6.2c0 2.34 1.95 5.44 6 9.14 4.05-3.7 6-6.8 6-9.14zM12 2c4.2 0 8 3.22 8 8.2 0 3.32-2.67 7.25-8 11.8-5.33-4.55-8-8.48-8-11.8C4 5.22 7.8 2 12 2z\"><\/path><\/svg>\t\t\t\t<\/span>\n\t\t\t<\/div>\n\t\t\t\t\t\t<div class=\"elementor-icon-box-content\">\n\t\t\t\t<h3 class=\"elementor-icon-box-title\">\n\t\t\t\t\t<span  >\n\t\t\t\t\t\t\t\t\t\t\t<\/span>\n\t\t\t\t<\/h3>\n\t\t\t\t\t\t\t<\/div>\n\t\t<\/div>\n\t\t\t\t<\/div>\n\t\t\t\t<\/div>\n\t\t\t\t\t<\/div>\n\t\t<\/div>\n\t\t\t\t<div class=\"elementor-column elementor-col-33 elementor-inner-column elementor-element elementor-element-f6556da\" data-id=\"f6556da\" data-element_type=\"column\">\n\t\t\t<div class=\"elementor-widget-wrap elementor-element-populated\">\n\t\t\t\t\t\t\t\t<div class=\"elementor-element elementor-element-76ecbeb elementor-widget elementor-widget-text-editor\" data-id=\"76ecbeb\" data-element_type=\"widget\" data-widget_type=\"text-editor.default\">\n\t\t\t\t<div class=\"elementor-widget-container\">\n\t\t\t\t\t\t\t\t\t\t\t\t\t<\/div>\n\t\t\t\t<\/div>\n\t\t\t\t\t<\/div>\n\t\t<\/div>\n\t\t\t\t<div class=\"elementor-column elementor-col-33 elementor-inner-column elementor-element elementor-element-4b1ecafc\" data-id=\"4b1ecafc\" data-element_type=\"column\">\n\t\t\t<div class=\"elementor-widget-wrap elementor-element-populated\">\n\t\t\t\t\t\t\t\t<div class=\"elementor-element elementor-element-325b23e1 elementor-widget elementor-widget-heading\" data-id=\"325b23e1\" data-element_type=\"widget\" data-widget_type=\"heading.default\">\n\t\t\t\t<div class=\"elementor-widget-container\">\n\t\t\t<span class=\"elementor-heading-title elementor-size-default\">Direcci\u00f3<\/span>\t\t<\/div>\n\t\t\t\t<\/div>\n\t\t\t\t<div class=\"elementor-element elementor-element-4c7b5671 elementor-widget elementor-widget-text-editor\" data-id=\"4c7b5671\" data-element_type=\"widget\" data-widget_type=\"text-editor.default\">\n\t\t\t\t<div class=\"elementor-widget-container\">\n\t\t\t\t\t\t\t<p>CTRA DE BARCELONA, N\u00ba 26 08740 SANT ANDREU DE LA BARCA (BARCELONA)<\/p>\n\t\t\t\t\t\t<\/div>\n\t\t\t\t<\/div>\n\t\t\t\t\t<\/div>\n\t\t<\/div>\n\t\t\t\t\t\t\t<\/div>\n\t\t<\/section>\n\t\t\t\t<section class=\"elementor-section elementor-inner-section elementor-element elementor-element-6583f84f elementor-section-boxed elementor-section-height-default elementor-section-height-default\" data-id=\"6583f84f\" data-element_type=\"section\">\n\t\t\t\t\t\t<div class=\"elementor-container elementor-column-gap-default\">\n\t\t\t\t\t<div class=\"elementor-column elementor-col-33 elementor-inner-column elementor-element elementor-element-7cdf5f68\" data-id=\"7cdf5f68\" data-element_type=\"column\" data-settings=\"{&quot;background_background&quot;:&quot;classic&quot;}\">\n\t\t\t<div class=\"elementor-widget-wrap elementor-element-populated\">\n\t\t\t\t\t\t\t\t<div class=\"elementor-element elementor-element-7242a684 elementor-position-left elementor-view-default elementor-mobile-position-top elementor-vertical-align-top elementor-widget elementor-widget-icon-box\" data-id=\"7242a684\" data-element_type=\"widget\" data-widget_type=\"icon-box.default\">\n\t\t\t\t<div class=\"elementor-widget-container\">\n\t\t\t\t\t<div class=\"elementor-icon-box-wrapper\">\n\t\t\t\t\t\t<div class=\"elementor-icon-box-icon\">\n\t\t\t\t<span  class=\"elementor-icon elementor-animation-\">\n\t\t\t\t<svg xmlns=\"http:\/\/www.w3.org\/2000\/svg\" height=\"24\" viewBox=\"0 0 24 24\" width=\"24\"><path d=\"M0 0h24v24H0V0z\" fill=\"none\"><\/path><path d=\"M22 6c0-1.1-.9-2-2-2H4c-1.1 0-2 .9-2 2v12c0 1.1.9 2 2 2h16c1.1 0 2-.9 2-2V6zm-2 0l-8 5-8-5h16zm0 12H4V8l8 5 8-5v10z\"><\/path><\/svg>\t\t\t\t<\/span>\n\t\t\t<\/div>\n\t\t\t\t\t\t<div class=\"elementor-icon-box-content\">\n\t\t\t\t<h3 class=\"elementor-icon-box-title\">\n\t\t\t\t\t<span  >\n\t\t\t\t\t\t\t\t\t\t\t<\/span>\n\t\t\t\t<\/h3>\n\t\t\t\t\t\t\t<\/div>\n\t\t<\/div>\n\t\t\t\t<\/div>\n\t\t\t\t<\/div>\n\t\t\t\t\t<\/div>\n\t\t<\/div>\n\t\t\t\t<div class=\"elementor-column elementor-col-33 elementor-inner-column elementor-element elementor-element-fc0c804\" data-id=\"fc0c804\" data-element_type=\"column\">\n\t\t\t<div class=\"elementor-widget-wrap elementor-element-populated\">\n\t\t\t\t\t\t\t\t<div class=\"elementor-element elementor-element-6f71335 elementor-widget elementor-widget-text-editor\" data-id=\"6f71335\" data-element_type=\"widget\" data-widget_type=\"text-editor.default\">\n\t\t\t\t<div class=\"elementor-widget-container\">\n\t\t\t\t\t\t\t\t\t\t\t\t\t<\/div>\n\t\t\t\t<\/div>\n\t\t\t\t\t<\/div>\n\t\t<\/div>\n\t\t\t\t<div class=\"elementor-column elementor-col-33 elementor-inner-column elementor-element elementor-element-510f4fc5\" data-id=\"510f4fc5\" data-element_type=\"column\">\n\t\t\t<div class=\"elementor-widget-wrap elementor-element-populated\">\n\t\t\t\t\t\t\t\t<div class=\"elementor-element elementor-element-cfe1796 elementor-widget elementor-widget-heading\" data-id=\"cfe1796\" data-element_type=\"widget\" data-widget_type=\"heading.default\">\n\t\t\t\t<div class=\"elementor-widget-container\">\n\t\t\t<span class=\"elementor-heading-title elementor-size-default\">Correu electr\u00f2nic<\/span>\t\t<\/div>\n\t\t\t\t<\/div>\n\t\t\t\t<div class=\"elementor-element elementor-element-2b054b23 elementor-widget elementor-widget-text-editor\" data-id=\"2b054b23\" data-element_type=\"widget\" data-widget_type=\"text-editor.default\">\n\t\t\t\t<div class=\"elementor-widget-container\">\n\t\t\t\t\t\t\t<p>asesoria@asesoriasantandreu.com<\/p>\n\t\t\t\t\t\t<\/div>\n\t\t\t\t<\/div>\n\t\t\t\t\t<\/div>\n\t\t<\/div>\n\t\t\t\t\t\t\t<\/div>\n\t\t<\/section>\n\t\t\t\t<section class=\"elementor-section elementor-inner-section elementor-element elementor-element-581214a1 elementor-section-boxed elementor-section-height-default elementor-section-height-default\" data-id=\"581214a1\" data-element_type=\"section\">\n\t\t\t\t\t\t<div class=\"elementor-container elementor-column-gap-default\">\n\t\t\t\t\t<div class=\"elementor-column elementor-col-33 elementor-inner-column elementor-element elementor-element-77e6ac26\" data-id=\"77e6ac26\" data-element_type=\"column\" data-settings=\"{&quot;background_background&quot;:&quot;classic&quot;}\">\n\t\t\t<div class=\"elementor-widget-wrap elementor-element-populated\">\n\t\t\t\t\t\t\t\t<div class=\"elementor-element elementor-element-62a162f2 elementor-position-left elementor-view-default elementor-mobile-position-top elementor-vertical-align-top elementor-widget elementor-widget-icon-box\" data-id=\"62a162f2\" data-element_type=\"widget\" data-widget_type=\"icon-box.default\">\n\t\t\t\t<div class=\"elementor-widget-container\">\n\t\t\t\t\t<div class=\"elementor-icon-box-wrapper\">\n\t\t\t\t\t\t<div class=\"elementor-icon-box-icon\">\n\t\t\t\t<span  class=\"elementor-icon elementor-animation-\">\n\t\t\t\t<svg xmlns=\"http:\/\/www.w3.org\/2000\/svg\" height=\"24\" viewBox=\"0 0 24 24\" width=\"24\"><path d=\"M0 0h24v24H0V0z\" fill=\"none\"><\/path><path d=\"M6.54 5c.06.89.21 1.76.45 2.59l-1.2 1.2c-.41-1.2-.67-2.47-.76-3.79h1.51m9.86 12.02c.85.24 1.72.39 2.6.45v1.49c-1.32-.09-2.59-.35-3.8-.75l1.2-1.19M7.5 3H4c-.55 0-1 .45-1 1 0 9.39 7.61 17 17 17 .55 0 1-.45 1-1v-3.49c0-.55-.45-1-1-1-1.24 0-2.45-.2-3.57-.57-.1-.04-.21-.05-.31-.05-.26 0-.51.1-.71.29l-2.2 2.2c-2.83-1.45-5.15-3.76-6.59-6.59l2.2-2.2c.28-.28.36-.67.25-1.02C8.7 6.45 8.5 5.25 8.5 4c0-.55-.45-1-1-1z\"><\/path><\/svg>\t\t\t\t<\/span>\n\t\t\t<\/div>\n\t\t\t\t\t\t<div class=\"elementor-icon-box-content\">\n\t\t\t\t<h3 class=\"elementor-icon-box-title\">\n\t\t\t\t\t<span  >\n\t\t\t\t\t\t\t\t\t\t\t<\/span>\n\t\t\t\t<\/h3>\n\t\t\t\t\t\t\t<\/div>\n\t\t<\/div>\n\t\t\t\t<\/div>\n\t\t\t\t<\/div>\n\t\t\t\t\t<\/div>\n\t\t<\/div>\n\t\t\t\t<div class=\"elementor-column elementor-col-33 elementor-inner-column elementor-element elementor-element-b627b60\" data-id=\"b627b60\" data-element_type=\"column\">\n\t\t\t<div class=\"elementor-widget-wrap elementor-element-populated\">\n\t\t\t\t\t\t\t\t<div class=\"elementor-element elementor-element-963047c elementor-widget elementor-widget-text-editor\" data-id=\"963047c\" data-element_type=\"widget\" data-widget_type=\"text-editor.default\">\n\t\t\t\t<div class=\"elementor-widget-container\">\n\t\t\t\t\t\t\t\t\t\t\t\t\t<\/div>\n\t\t\t\t<\/div>\n\t\t\t\t\t<\/div>\n\t\t<\/div>\n\t\t\t\t<div class=\"elementor-column elementor-col-33 elementor-inner-column elementor-element elementor-element-50fd0b40\" data-id=\"50fd0b40\" data-element_type=\"column\">\n\t\t\t<div class=\"elementor-widget-wrap elementor-element-populated\">\n\t\t\t\t\t\t\t\t<div class=\"elementor-element elementor-element-cf28d9d elementor-widget elementor-widget-heading\" data-id=\"cf28d9d\" data-element_type=\"widget\" data-widget_type=\"heading.default\">\n\t\t\t\t<div class=\"elementor-widget-container\">\n\t\t\t<span class=\"elementor-heading-title elementor-size-default\">Tel\u00e8fon<\/span>\t\t<\/div>\n\t\t\t\t<\/div>\n\t\t\t\t<div class=\"elementor-element elementor-element-58db60e3 elementor-widget elementor-widget-text-editor\" data-id=\"58db60e3\" data-element_type=\"widget\" data-widget_type=\"text-editor.default\">\n\t\t\t\t<div class=\"elementor-widget-container\">\n\t\t\t\t\t\t\t<p>93 682 19 46<\/p>\n\t\t\t\t\t\t<\/div>\n\t\t\t\t<\/div>\n\t\t\t\t\t<\/div>\n\t\t<\/div>\n\t\t\t\t\t\t\t<\/div>\n\t\t<\/section>\n\t\t\t\t\t<\/div>\n\t\t<\/div>\n\t\t\t\t<div class=\"elementor-column elementor-col-50 elementor-top-column elementor-element elementor-element-18ff0324\" data-id=\"18ff0324\" data-element_type=\"column\" data-settings=\"{&quot;background_background&quot;:&quot;classic&quot;}\">\n\t\t\t<div class=\"elementor-widget-wrap\">\n\t\t\t\t\t\t\t\t\t<\/div>\n\t\t<\/div>\n\t\t\t\t\t\t\t<\/div>\n\t\t<\/section>\n\t\t\t\t\t\t\t<\/div>\n\t\t","protected":false},"excerpt":{"rendered":"<p>Dinos, En qu\u00e8 podem ajudar? Dubtes o comentaris? Envia&#8217;ns un missatge, ll\u00e0mans o vis\u00edtans. Estarem encantats de poder atendre&#8217;t Direcci\u00f3 CTRA DE BARCELONA, N\u00ba 26 08740 SANT ANDREU DE LA BARCA (BARCELONA) Correu electr\u00f2nic asesoria@asesoriasantandreu.com Tel\u00e8fon 93 682 19 46<\/p>\n","protected":false},"author":1,"featured_media":0,"parent":0,"menu_order":0,"comment_status":"closed","ping_status":"closed","template":"elementor_header_footer","meta":{"footnotes":""},"class_list":["post-229","page","type-page","status-publish"],"yoast_head":"<!-- This site is optimized with the Yoast SEO plugin v21.8 - https:\/\/yoast.com\/wordpress\/plugins\/seo\/ -->\n<title>Contacte - Gestor\u00eda Sant Andreu de la Barca<\/title>\n<meta name=\"description\" content=\"Contacta amb nosaltres, la teva gestoria especialitzada a Sant Andreu de la Barca, per a serveis d&#039;assessorament fiscal, jur\u00eddic i comptable personalitzats\" \/>\n<meta name=\"robots\" content=\"index, follow, max-snippet:-1, max-image-preview:large, max-video-preview:-1\" \/>\n<link rel=\"canonical\" href=\"https:\/\/asesoriasabarca.es\/ca\/contacte\/\" \/>\n<meta property=\"og:locale\" content=\"ca_ES\" \/>\n<meta property=\"og:type\" content=\"article\" \/>\n<meta property=\"og:title\" content=\"Contacte - Gestor\u00eda Sant Andreu de la Barca\" \/>\n<meta property=\"og:description\" content=\"Contacta amb nosaltres, la teva gestoria especialitzada a Sant Andreu de la Barca, per a serveis d&#039;assessorament fiscal, jur\u00eddic i comptable personalitzats\" \/>\n<meta property=\"og:url\" content=\"https:\/\/asesoriasabarca.es\/ca\/contacte\/\" \/>\n<meta property=\"og:site_name\" content=\"Gestor\u00eda Sant Andreu de la Barca\" \/>\n<meta property=\"article:modified_time\" content=\"2024-01-19T09:29:29+00:00\" \/>\n<meta name=\"twitter:card\" content=\"summary_large_image\" \/>\n<meta name=\"twitter:label1\" content=\"Temps estimat de lectura\" \/>\n\t<meta name=\"twitter:data1\" content=\"1 minut\" \/>\n<script type=\"application\/ld+json\" class=\"yoast-schema-graph\">{\"@context\":\"https:\/\/schema.org\",\"@graph\":[{\"@type\":\"WebPage\",\"@id\":\"https:\/\/asesoriasabarca.es\/ca\/contacte\/\",\"url\":\"https:\/\/asesoriasabarca.es\/ca\/contacte\/\",\"name\":\"Contacte - Gestor\u00eda Sant Andreu de la Barca\",\"isPartOf\":{\"@id\":\"https:\/\/asesoriasabarca.es\/ca\/#website\"},\"datePublished\":\"2024-01-11T09:34:52+00:00\",\"dateModified\":\"2024-01-19T09:29:29+00:00\",\"description\":\"Contacta amb nosaltres, la teva gestoria especialitzada a Sant Andreu de la Barca, per a serveis d'assessorament fiscal, jur\u00eddic i comptable personalitzats\",\"breadcrumb\":{\"@id\":\"https:\/\/asesoriasabarca.es\/ca\/contacte\/#breadcrumb\"},\"inLanguage\":\"ca\",\"potentialAction\":[{\"@type\":\"ReadAction\",\"target\":[\"https:\/\/asesoriasabarca.es\/ca\/contacte\/\"]}]},{\"@type\":\"BreadcrumbList\",\"@id\":\"https:\/\/asesoriasabarca.es\/ca\/contacte\/#breadcrumb\",\"itemListElement\":[{\"@type\":\"ListItem\",\"position\":1,\"name\":\"Portada\",\"item\":\"https:\/\/asesoriasabarca.es\/ca\/\"},{\"@type\":\"ListItem\",\"position\":2,\"name\":\"Contacte\"}]},{\"@type\":\"WebSite\",\"@id\":\"https:\/\/asesoriasabarca.es\/ca\/#website\",\"url\":\"https:\/\/asesoriasabarca.es\/ca\/\",\"name\":\"Gestor\u00eda Sant Andreu de la Barca\",\"description\":\"\",\"publisher\":{\"@id\":\"https:\/\/asesoriasabarca.es\/ca\/#organization\"},\"potentialAction\":[{\"@type\":\"SearchAction\",\"target\":{\"@type\":\"EntryPoint\",\"urlTemplate\":\"https:\/\/asesoriasabarca.es\/ca\/?s={search_term_string}\"},\"query-input\":\"required name=search_term_string\"}],\"inLanguage\":\"ca\"},{\"@type\":\"Organization\",\"@id\":\"https:\/\/asesoriasabarca.es\/ca\/#organization\",\"name\":\"Gestor\u00eda Sant Andreu de la Barca\",\"url\":\"https:\/\/asesoriasabarca.es\/ca\/\",\"logo\":{\"@type\":\"ImageObject\",\"inLanguage\":\"ca\",\"@id\":\"https:\/\/asesoriasabarca.es\/ca\/#\/schema\/logo\/image\/\",\"url\":\"https:\/\/asesoriasabarca.es\/wp-content\/uploads\/2024\/01\/cropped-asesoria-sant-andreu-logo.png\",\"contentUrl\":\"https:\/\/asesoriasabarca.es\/wp-content\/uploads\/2024\/01\/cropped-asesoria-sant-andreu-logo.png\",\"width\":441,\"height\":112,\"caption\":\"Gestor\u00eda Sant Andreu de la Barca\"},\"image\":{\"@id\":\"https:\/\/asesoriasabarca.es\/ca\/#\/schema\/logo\/image\/\"}}]}<\/script>\n<!-- \/ Yoast SEO plugin. -->","yoast_head_json":{"title":"Contacte - Gestor\u00eda Sant Andreu de la Barca","description":"Contacta amb nosaltres, la teva gestoria especialitzada a Sant Andreu de la Barca, per a serveis d'assessorament fiscal, jur\u00eddic i comptable personalitzats","robots":{"index":"index","follow":"follow","max-snippet":"max-snippet:-1","max-image-preview":"max-image-preview:large","max-video-preview":"max-video-preview:-1"},"canonical":"https:\/\/asesoriasabarca.es\/ca\/contacte\/","og_locale":"ca_ES","og_type":"article","og_title":"Contacte - Gestor\u00eda Sant Andreu de la Barca","og_description":"Contacta amb nosaltres, la teva gestoria especialitzada a Sant Andreu de la Barca, per a serveis d'assessorament fiscal, jur\u00eddic i comptable personalitzats","og_url":"https:\/\/asesoriasabarca.es\/ca\/contacte\/","og_site_name":"Gestor\u00eda Sant Andreu de la Barca","article_modified_time":"2024-01-19T09:29:29+00:00","twitter_card":"summary_large_image","twitter_misc":{"Temps estimat de lectura":"1 minut"},"schema":{"@context":"https:\/\/schema.org","@graph":[{"@type":"WebPage","@id":"https:\/\/asesoriasabarca.es\/ca\/contacte\/","url":"https:\/\/asesoriasabarca.es\/ca\/contacte\/","name":"Contacte - Gestor\u00eda Sant Andreu de la Barca","isPartOf":{"@id":"https:\/\/asesoriasabarca.es\/ca\/#website"},"datePublished":"2024-01-11T09:34:52+00:00","dateModified":"2024-01-19T09:29:29+00:00","description":"Contacta amb nosaltres, la teva gestoria especialitzada a Sant Andreu de la Barca, per a serveis d'assessorament fiscal, jur\u00eddic i comptable personalitzats","breadcrumb":{"@id":"https:\/\/asesoriasabarca.es\/ca\/contacte\/#breadcrumb"},"inLanguage":"ca","potentialAction":[{"@type":"ReadAction","target":["https:\/\/asesoriasabarca.es\/ca\/contacte\/"]}]},{"@type":"BreadcrumbList","@id":"https:\/\/asesoriasabarca.es\/ca\/contacte\/#breadcrumb","itemListElement":[{"@type":"ListItem","position":1,"name":"Portada","item":"https:\/\/asesoriasabarca.es\/ca\/"},{"@type":"ListItem","position":2,"name":"Contacte"}]},{"@type":"WebSite","@id":"https:\/\/asesoriasabarca.es\/ca\/#website","url":"https:\/\/asesoriasabarca.es\/ca\/","name":"Gestor\u00eda Sant Andreu de la Barca","description":"","publisher":{"@id":"https:\/\/asesoriasabarca.es\/ca\/#organization"},"potentialAction":[{"@type":"SearchAction","target":{"@type":"EntryPoint","urlTemplate":"https:\/\/asesoriasabarca.es\/ca\/?s={search_term_string}"},"query-input":"required name=search_term_string"}],"inLanguage":"ca"},{"@type":"Organization","@id":"https:\/\/asesoriasabarca.es\/ca\/#organization","name":"Gestor\u00eda Sant Andreu de la Barca","url":"https:\/\/asesoriasabarca.es\/ca\/","logo":{"@type":"ImageObject","inLanguage":"ca","@id":"https:\/\/asesoriasabarca.es\/ca\/#\/schema\/logo\/image\/","url":"https:\/\/asesoriasabarca.es\/wp-content\/uploads\/2024\/01\/cropped-asesoria-sant-andreu-logo.png","contentUrl":"https:\/\/asesoriasabarca.es\/wp-content\/uploads\/2024\/01\/cropped-asesoria-sant-andreu-logo.png","width":441,"height":112,"caption":"Gestor\u00eda Sant Andreu de la Barca"},"image":{"@id":"https:\/\/asesoriasabarca.es\/ca\/#\/schema\/logo\/image\/"}}]}},"_links":{"self":[{"href":"https:\/\/asesoriasabarca.es\/ca\/wp-json\/wp\/v2\/pages\/229","targetHints":{"allow":["GET"]}}],"collection":[{"href":"https:\/\/asesoriasabarca.es\/ca\/wp-json\/wp\/v2\/pages"}],"about":[{"href":"https:\/\/asesoriasabarca.es\/ca\/wp-json\/wp\/v2\/types\/page"}],"author":[{"embeddable":true,"href":"https:\/\/asesoriasabarca.es\/ca\/wp-json\/wp\/v2\/users\/1"}],"replies":[{"embeddable":true,"href":"https:\/\/asesoriasabarca.es\/ca\/wp-json\/wp\/v2\/comments?post=229"}],"version-history":[{"count":3,"href":"https:\/\/asesoriasabarca.es\/ca\/wp-json\/wp\/v2\/pages\/229\/revisions"}],"predecessor-version":[{"id":241,"href":"https:\/\/asesoriasabarca.es\/ca\/wp-json\/wp\/v2\/pages\/229\/revisions\/241"}],"wp:attachment":[{"href":"https:\/\/asesoriasabarca.es\/ca\/wp-json\/wp\/v2\/media?parent=229"}],"curies":[{"name":"wp","href":"https:\/\/api.w.org\/{rel}","templated":true}]}}